{"id":8136,"date":"2026-01-30T01:20:37","date_gmt":"2026-01-30T00:20:37","guid":{"rendered":"https:\/\/neiljacquet.com\/?post_type=product&#038;p=8136"},"modified":"2026-03-31T18:46:28","modified_gmt":"2026-03-31T16:46:28","slug":"oudluwatu","status":"publish","type":"product","link":"https:\/\/neiljacquet.com\/en\/product\/oudluwatu\/","title":{"rendered":"Oud Luwatu"},"content":{"rendered":"<div>\n<div><\/div>\n<\/div>\n<p>&nbsp;<\/p>","protected":false},"excerpt":{"rendered":"<div>\n<p>&nbsp;<\/p>\n<\/div>\n<p data-start=\"205\" data-end=\"244\"><strong data-start=\"205\" data-end=\"226\">Derni\u00e8res lueurs,<\/strong><br data-start=\"226\" data-end=\"229\" \/>Ciel embras\u00e9.<\/p>\n<p data-start=\"246\" data-end=\"285\"><strong data-start=\"246\" data-end=\"269\">Cocktail de goyave,<\/strong><br data-start=\"269\" data-end=\"272\" \/>Pulpe rose.<\/p>\n<p data-start=\"287\" data-end=\"329\"><strong data-start=\"287\" data-end=\"307\">Ruelles chaudes,<\/strong><br data-start=\"307\" data-end=\"310\" \/>Souffle tropical.<\/p>\n<p data-start=\"331\" data-end=\"364\"><strong data-start=\"331\" data-end=\"347\">Cuir patin\u00e9,<\/strong><br data-start=\"347\" data-end=\"350\" \/>\u00c9clat sacr\u00e9.<\/p>\n<p data-start=\"366\" data-end=\"431\"><strong data-start=\"366\" data-end=\"385\">Sacred TWILIGHT<\/strong><br data-start=\"385\" data-end=\"388\" \/><strong data-start=\"388\" data-end=\"403\">Island SOUL<\/strong><br data-start=\"403\" data-end=\"406\" \/><strong data-start=\"406\" data-end=\"429\">Indonesian ETERNITY<\/strong><\/p>\n<p dir=\"auto\">.<\/p>\n<p>&nbsp;<\/p>","protected":false},"featured_media":8559,"comment_status":"open","ping_status":"closed","template":"","meta":{"neve_meta_sidebar":"","neve_meta_container":"","neve_meta_enable_content_width":"off","neve_meta_content_width":100,"neve_meta_title_alignment":"","neve_meta_author_avatar":"","neve_post_elements_order":"","neve_meta_disable_header":"","neve_meta_disable_footer":"","neve_meta_disable_title":""},"product_brand":[],"product_cat":[70,108],"product_tag":[],"class_list":{"0":"post-8136","1":"product","2":"type-product","3":"status-publish","4":"has-post-thumbnail","6":"product_cat-non-classe","7":"product_cat-oud-luwatu","9":"first","10":"instock","11":"shipping-taxable","12":"purchasable","13":"product-type-simple"},"yoast_head":"<!-- This site is optimized with the Yoast SEO plugin v25.7 - https:\/\/yoast.com\/wordpress\/plugins\/seo\/ -->\n<title>Oud Luwatu - Neil Jacquet Paris<\/title>\n<meta name=\"robots\" content=\"index, follow, max-snippet:-1, max-image-preview:large, max-video-preview:-1\" \/>\n<link rel=\"canonical\" href=\"https:\/\/neiljacquet.com\/en\/product\/oudluwatu\/\" \/>\n<meta property=\"og:locale\" content=\"en_US\" \/>\n<meta property=\"og:type\" content=\"article\" \/>\n<meta property=\"og:title\" content=\"Oud Luwatu - Neil Jacquet Paris\" \/>\n<meta property=\"og:description\" content=\"&nbsp;   Derni\u00e8res lueurs,Ciel embras\u00e9. Cocktail de goyave,Pulpe rose. Ruelles chaudes,Souffle tropical. Cuir patin\u00e9,\u00c9clat sacr\u00e9. Sacred TWILIGHTIsland SOULIndonesian ETERNITY . &nbsp;\" \/>\n<meta property=\"og:url\" content=\"https:\/\/neiljacquet.com\/en\/product\/oudluwatu\/\" \/>\n<meta property=\"og:site_name\" content=\"Neil Jacquet Paris\" \/>\n<meta property=\"article:modified_time\" content=\"2026-03-31T16:46:28+00:00\" \/>\n<meta property=\"og:image\" content=\"https:\/\/neiljacquet.com\/wp-content\/uploads\/2026\/03\/Oud-Luwatu-3.webp?wsr\" \/>\n\t<meta property=\"og:image:width\" content=\"1500\" \/>\n\t<meta property=\"og:image:height\" content=\"1500\" \/>\n\t<meta property=\"og:image:type\" content=\"image\/webp\" \/>\n<meta name=\"twitter:card\" content=\"summary_large_image\" \/>\n<meta name=\"twitter:label1\" content=\"Est. reading time\" \/>\n\t<meta name=\"twitter:data1\" content=\"1 minute\" \/>\n<script type=\"application\/ld+json\" class=\"yoast-schema-graph\">{\"@context\":\"https:\/\/schema.org\",\"@graph\":[{\"@type\":\"WebPage\",\"@id\":\"https:\/\/neiljacquet.com\/produit\/oudluwatu\/\",\"url\":\"https:\/\/neiljacquet.com\/produit\/oudluwatu\/\",\"name\":\"Oud Luwatu - Neil Jacquet Paris\",\"isPartOf\":{\"@id\":\"https:\/\/neiljacquet.com\/#website\"},\"primaryImageOfPage\":{\"@id\":\"https:\/\/neiljacquet.com\/produit\/oudluwatu\/#primaryimage\"},\"image\":{\"@id\":\"https:\/\/neiljacquet.com\/produit\/oudluwatu\/#primaryimage\"},\"thumbnailUrl\":\"https:\/\/neiljacquet.com\/wp-content\/uploads\/2026\/03\/Oud-Luwatu-3.webp?wsr\",\"datePublished\":\"2026-01-30T00:20:37+00:00\",\"dateModified\":\"2026-03-31T16:46:28+00:00\",\"breadcrumb\":{\"@id\":\"https:\/\/neiljacquet.com\/produit\/oudluwatu\/#breadcrumb\"},\"inLanguage\":\"en-US\",\"potentialAction\":[{\"@type\":\"ReadAction\",\"target\":[\"https:\/\/neiljacquet.com\/produit\/oudluwatu\/\"]}]},{\"@type\":\"ImageObject\",\"inLanguage\":\"en-US\",\"@id\":\"https:\/\/neiljacquet.com\/produit\/oudluwatu\/#primaryimage\",\"url\":\"https:\/\/neiljacquet.com\/wp-content\/uploads\/2026\/03\/Oud-Luwatu-3.webp?wsr\",\"contentUrl\":\"https:\/\/neiljacquet.com\/wp-content\/uploads\/2026\/03\/Oud-Luwatu-3.webp?wsr\",\"width\":1500,\"height\":1500,\"caption\":\"Oud Luwatu\"},{\"@type\":\"BreadcrumbList\",\"@id\":\"https:\/\/neiljacquet.com\/produit\/oudluwatu\/#breadcrumb\",\"itemListElement\":[{\"@type\":\"ListItem\",\"position\":1,\"name\":\"Accueil\",\"item\":\"https:\/\/neiljacquet.com\/\"},{\"@type\":\"ListItem\",\"position\":2,\"name\":\"Les Carnets\",\"item\":\"https:\/\/neiljacquet.com\/scentsual-collection\/\"},{\"@type\":\"ListItem\",\"position\":3,\"name\":\"Oud Luwatu\"}]},{\"@type\":\"WebSite\",\"@id\":\"https:\/\/neiljacquet.com\/#website\",\"url\":\"https:\/\/neiljacquet.com\/\",\"name\":\"Neil Jacquet Paris\",\"description\":\"AUDACE CONTEMPORAINE ET \u00c9L\u00c9GANCE INTEMPORELLE\",\"publisher\":{\"@id\":\"https:\/\/neiljacquet.com\/#organization\"},\"alternateName\":\"NJ - Paris\",\"potentialAction\":[{\"@type\":\"SearchAction\",\"target\":{\"@type\":\"EntryPoint\",\"urlTemplate\":\"https:\/\/neiljacquet.com\/?s={search_term_string}\"},\"query-input\":{\"@type\":\"PropertyValueSpecification\",\"valueRequired\":true,\"valueName\":\"search_term_string\"}}],\"inLanguage\":\"en-US\"},{\"@type\":\"Organization\",\"@id\":\"https:\/\/neiljacquet.com\/#organization\",\"name\":\"Neil Jacquet Paris\",\"alternateName\":\"NJ - Paris\",\"url\":\"https:\/\/neiljacquet.com\/\",\"logo\":{\"@type\":\"ImageObject\",\"inLanguage\":\"en-US\",\"@id\":\"https:\/\/neiljacquet.com\/#\/schema\/logo\/image\/\",\"url\":\"https:\/\/neiljacquet.com\/wp-content\/uploads\/2024\/09\/cropped-408467892_758893016069913_1573027765065041396_n.jpg\",\"contentUrl\":\"https:\/\/neiljacquet.com\/wp-content\/uploads\/2024\/09\/cropped-408467892_758893016069913_1573027765065041396_n.jpg\",\"width\":512,\"height\":512,\"caption\":\"Neil Jacquet Paris\"},\"image\":{\"@id\":\"https:\/\/neiljacquet.com\/#\/schema\/logo\/image\/\"}}]}<\/script>\n<!-- \/ Yoast SEO plugin. -->","yoast_head_json":{"title":"Oud Luwatu - Neil Jacquet Paris","robots":{"index":"index","follow":"follow","max-snippet":"max-snippet:-1","max-image-preview":"max-image-preview:large","max-video-preview":"max-video-preview:-1"},"canonical":"https:\/\/neiljacquet.com\/en\/product\/oudluwatu\/","og_locale":"en_US","og_type":"article","og_title":"Oud Luwatu - Neil Jacquet Paris","og_description":"&nbsp;   Derni\u00e8res lueurs,Ciel embras\u00e9. Cocktail de goyave,Pulpe rose. Ruelles chaudes,Souffle tropical. Cuir patin\u00e9,\u00c9clat sacr\u00e9. Sacred TWILIGHTIsland SOULIndonesian ETERNITY . &nbsp;","og_url":"https:\/\/neiljacquet.com\/en\/product\/oudluwatu\/","og_site_name":"Neil Jacquet Paris","article_modified_time":"2026-03-31T16:46:28+00:00","og_image":[{"width":1500,"height":1500,"url":"https:\/\/neiljacquet.com\/wp-content\/uploads\/2026\/03\/Oud-Luwatu-3.webp?wsr","type":"image\/webp"}],"twitter_card":"summary_large_image","twitter_misc":{"Est. reading time":"1 minute"},"schema":{"@context":"https:\/\/schema.org","@graph":[{"@type":"WebPage","@id":"https:\/\/neiljacquet.com\/produit\/oudluwatu\/","url":"https:\/\/neiljacquet.com\/produit\/oudluwatu\/","name":"Oud Luwatu - Neil Jacquet Paris","isPartOf":{"@id":"https:\/\/neiljacquet.com\/#website"},"primaryImageOfPage":{"@id":"https:\/\/neiljacquet.com\/produit\/oudluwatu\/#primaryimage"},"image":{"@id":"https:\/\/neiljacquet.com\/produit\/oudluwatu\/#primaryimage"},"thumbnailUrl":"https:\/\/neiljacquet.com\/wp-content\/uploads\/2026\/03\/Oud-Luwatu-3.webp?wsr","datePublished":"2026-01-30T00:20:37+00:00","dateModified":"2026-03-31T16:46:28+00:00","breadcrumb":{"@id":"https:\/\/neiljacquet.com\/produit\/oudluwatu\/#breadcrumb"},"inLanguage":"en-US","potentialAction":[{"@type":"ReadAction","target":["https:\/\/neiljacquet.com\/produit\/oudluwatu\/"]}]},{"@type":"ImageObject","inLanguage":"en-US","@id":"https:\/\/neiljacquet.com\/produit\/oudluwatu\/#primaryimage","url":"https:\/\/neiljacquet.com\/wp-content\/uploads\/2026\/03\/Oud-Luwatu-3.webp?wsr","contentUrl":"https:\/\/neiljacquet.com\/wp-content\/uploads\/2026\/03\/Oud-Luwatu-3.webp?wsr","width":1500,"height":1500,"caption":"Oud Luwatu"},{"@type":"BreadcrumbList","@id":"https:\/\/neiljacquet.com\/produit\/oudluwatu\/#breadcrumb","itemListElement":[{"@type":"ListItem","position":1,"name":"Accueil","item":"https:\/\/neiljacquet.com\/"},{"@type":"ListItem","position":2,"name":"Les Carnets","item":"https:\/\/neiljacquet.com\/scentsual-collection\/"},{"@type":"ListItem","position":3,"name":"Oud Luwatu"}]},{"@type":"WebSite","@id":"https:\/\/neiljacquet.com\/#website","url":"https:\/\/neiljacquet.com\/","name":"Neil Jacquet Paris","description":"AUDACE CONTEMPORAINE ET \u00c9L\u00c9GANCE INTEMPORELLE","publisher":{"@id":"https:\/\/neiljacquet.com\/#organization"},"alternateName":"NJ - Paris","potentialAction":[{"@type":"SearchAction","target":{"@type":"EntryPoint","urlTemplate":"https:\/\/neiljacquet.com\/?s={search_term_string}"},"query-input":{"@type":"PropertyValueSpecification","valueRequired":true,"valueName":"search_term_string"}}],"inLanguage":"en-US"},{"@type":"Organization","@id":"https:\/\/neiljacquet.com\/#organization","name":"Neil Jacquet Paris","alternateName":"NJ - Paris","url":"https:\/\/neiljacquet.com\/","logo":{"@type":"ImageObject","inLanguage":"en-US","@id":"https:\/\/neiljacquet.com\/#\/schema\/logo\/image\/","url":"https:\/\/neiljacquet.com\/wp-content\/uploads\/2024\/09\/cropped-408467892_758893016069913_1573027765065041396_n.jpg","contentUrl":"https:\/\/neiljacquet.com\/wp-content\/uploads\/2024\/09\/cropped-408467892_758893016069913_1573027765065041396_n.jpg","width":512,"height":512,"caption":"Neil Jacquet Paris"},"image":{"@id":"https:\/\/neiljacquet.com\/#\/schema\/logo\/image\/"}}]}},"_links":{"self":[{"href":"https:\/\/neiljacquet.com\/en\/wp-json\/wp\/v2\/product\/8136","targetHints":{"allow":["GET"]}}],"collection":[{"href":"https:\/\/neiljacquet.com\/en\/wp-json\/wp\/v2\/product"}],"about":[{"href":"https:\/\/neiljacquet.com\/en\/wp-json\/wp\/v2\/types\/product"}],"replies":[{"embeddable":true,"href":"https:\/\/neiljacquet.com\/en\/wp-json\/wp\/v2\/comments?post=8136"}],"wp:featuredmedia":[{"embeddable":true,"href":"https:\/\/neiljacquet.com\/en\/wp-json\/wp\/v2\/media\/8559"}],"wp:attachment":[{"href":"https:\/\/neiljacquet.com\/en\/wp-json\/wp\/v2\/media?parent=8136"}],"wp:term":[{"taxonomy":"product_brand","embeddable":true,"href":"https:\/\/neiljacquet.com\/en\/wp-json\/wp\/v2\/product_brand?post=8136"},{"taxonomy":"product_cat","embeddable":true,"href":"https:\/\/neiljacquet.com\/en\/wp-json\/wp\/v2\/product_cat?post=8136"},{"taxonomy":"product_tag","embeddable":true,"href":"https:\/\/neiljacquet.com\/en\/wp-json\/wp\/v2\/product_tag?post=8136"}],"curies":[{"name":"wp","href":"https:\/\/api.w.org\/{rel}","templated":true}]}}