{"id":8149,"date":"2026-02-05T22:32:14","date_gmt":"2026-02-05T21:32:14","guid":{"rendered":"https:\/\/neiljacquet.com\/?post_type=product&#038;p=8149"},"modified":"2026-03-24T20:19:19","modified_gmt":"2026-03-24T19:19:19","slug":"el-malecon","status":"publish","type":"product","link":"https:\/\/neiljacquet.com\/en\/product\/el-malecon\/","title":{"rendered":"El Malec\u00f3n"},"content":{"rendered":"<div>\n<div><\/div>\n<\/div>\n<p>&nbsp;<\/p>","protected":false},"excerpt":{"rendered":"<div>\n<p data-start=\"175\" data-end=\"226\"><strong data-start=\"175\" data-end=\"190\">Ananas dor\u00e9<\/strong><br data-start=\"190\" data-end=\"193\" \/><strong data-start=\"193\" data-end=\"207\">Rhum ambr\u00e9<\/strong><br data-start=\"207\" data-end=\"210\" \/>Fum\u00e9e vanill\u00e9e<\/p>\n<p data-start=\"228\" data-end=\"262\">Rues dansantes,<br data-start=\"243\" data-end=\"246\" \/>ombres chaudes<\/p>\n<p data-start=\"264\" data-end=\"298\">Rivage double,<br data-start=\"278\" data-end=\"281\" \/>pass\u00e9 \u2014 pr\u00e9sent<\/p>\n<p data-start=\"300\" data-end=\"343\">Sensualit\u00e9 addictive,<br data-start=\"321\" data-end=\"324\" \/>myst\u00e8re envo\u00fbtant<\/p>\n<p data-start=\"345\" data-end=\"408\">\u00a0<br data-start=\"351\" data-end=\"354\" \/><strong data-start=\"354\" data-end=\"370\">GOLDEN SHORE<\/strong><br data-start=\"370\" data-end=\"373\" \/><em data-start=\"373\" data-end=\"388\">timeless beat<\/em><br data-start=\"388\" data-end=\"391\" \/><strong data-start=\"391\" data-end=\"408\">CUBAN WHISPER<\/strong><\/p>\n<\/div>","protected":false},"featured_media":8188,"comment_status":"open","ping_status":"closed","template":"","meta":{"neve_meta_sidebar":"","neve_meta_container":"","neve_meta_enable_content_width":"off","neve_meta_content_width":100,"neve_meta_title_alignment":"","neve_meta_author_avatar":"","neve_post_elements_order":"","neve_meta_disable_header":"","neve_meta_disable_footer":"","neve_meta_disable_title":""},"product_brand":[],"product_cat":[109,70],"product_tag":[],"class_list":{"0":"post-8149","1":"product","2":"type-product","3":"status-publish","4":"has-post-thumbnail","6":"product_cat-el-malecon","7":"product_cat-non-classe","9":"first","10":"instock","11":"shipping-taxable","12":"purchasable","13":"product-type-simple"},"yoast_head":"<!-- This site is optimized with the Yoast SEO plugin v25.7 - https:\/\/yoast.com\/wordpress\/plugins\/seo\/ -->\n<title>El Malec\u00f3n - Neil Jacquet Paris<\/title>\n<meta name=\"robots\" content=\"index, follow, max-snippet:-1, max-image-preview:large, max-video-preview:-1\" \/>\n<link rel=\"canonical\" href=\"https:\/\/neiljacquet.com\/en\/product\/el-malecon\/\" \/>\n<meta property=\"og:locale\" content=\"en_US\" \/>\n<meta property=\"og:type\" content=\"article\" \/>\n<meta property=\"og:title\" content=\"El Malec\u00f3n - Neil Jacquet Paris\" \/>\n<meta property=\"og:description\" content=\"Ananas dor\u00e9Rhum ambr\u00e9Fum\u00e9e vanill\u00e9e Rues dansantes,ombres chaudes Rivage double,pass\u00e9 \u2014 pr\u00e9sent Sensualit\u00e9 addictive,myst\u00e8re envo\u00fbtant \u00a0GOLDEN SHOREtimeless beatCUBAN WHISPER\" \/>\n<meta property=\"og:url\" content=\"https:\/\/neiljacquet.com\/en\/product\/el-malecon\/\" \/>\n<meta property=\"og:site_name\" content=\"Neil Jacquet Paris\" \/>\n<meta property=\"article:modified_time\" content=\"2026-03-24T19:19:19+00:00\" \/>\n<meta property=\"og:image\" content=\"https:\/\/neiljacquet.com\/wp-content\/uploads\/2026\/03\/IMG_6260-scaled.png?wsr\" \/>\n\t<meta property=\"og:image:width\" content=\"2560\" \/>\n\t<meta property=\"og:image:height\" content=\"2560\" \/>\n\t<meta property=\"og:image:type\" content=\"image\/png\" \/>\n<meta name=\"twitter:card\" content=\"summary_large_image\" \/>\n<meta name=\"twitter:label1\" content=\"Est. reading time\" \/>\n\t<meta name=\"twitter:data1\" content=\"1 minute\" \/>\n<script type=\"application\/ld+json\" class=\"yoast-schema-graph\">{\"@context\":\"https:\/\/schema.org\",\"@graph\":[{\"@type\":\"WebPage\",\"@id\":\"https:\/\/neiljacquet.com\/produit\/el-malecon\/\",\"url\":\"https:\/\/neiljacquet.com\/produit\/el-malecon\/\",\"name\":\"El Malec\u00f3n - Neil Jacquet Paris\",\"isPartOf\":{\"@id\":\"https:\/\/neiljacquet.com\/#website\"},\"primaryImageOfPage\":{\"@id\":\"https:\/\/neiljacquet.com\/produit\/el-malecon\/#primaryimage\"},\"image\":{\"@id\":\"https:\/\/neiljacquet.com\/produit\/el-malecon\/#primaryimage\"},\"thumbnailUrl\":\"https:\/\/neiljacquet.com\/wp-content\/uploads\/2026\/03\/IMG_6260-scaled.png?wsr\",\"datePublished\":\"2026-02-05T21:32:14+00:00\",\"dateModified\":\"2026-03-24T19:19:19+00:00\",\"breadcrumb\":{\"@id\":\"https:\/\/neiljacquet.com\/produit\/el-malecon\/#breadcrumb\"},\"inLanguage\":\"en-US\",\"potentialAction\":[{\"@type\":\"ReadAction\",\"target\":[\"https:\/\/neiljacquet.com\/produit\/el-malecon\/\"]}]},{\"@type\":\"ImageObject\",\"inLanguage\":\"en-US\",\"@id\":\"https:\/\/neiljacquet.com\/produit\/el-malecon\/#primaryimage\",\"url\":\"https:\/\/neiljacquet.com\/wp-content\/uploads\/2026\/03\/IMG_6260-scaled.png?wsr\",\"contentUrl\":\"https:\/\/neiljacquet.com\/wp-content\/uploads\/2026\/03\/IMG_6260-scaled.png?wsr\",\"width\":2560,\"height\":2560},{\"@type\":\"BreadcrumbList\",\"@id\":\"https:\/\/neiljacquet.com\/produit\/el-malecon\/#breadcrumb\",\"itemListElement\":[{\"@type\":\"ListItem\",\"position\":1,\"name\":\"Accueil\",\"item\":\"https:\/\/neiljacquet.com\/\"},{\"@type\":\"ListItem\",\"position\":2,\"name\":\"Les Carnets\",\"item\":\"https:\/\/neiljacquet.com\/scentsual-collection\/\"},{\"@type\":\"ListItem\",\"position\":3,\"name\":\"El Malec\u00f3n\"}]},{\"@type\":\"WebSite\",\"@id\":\"https:\/\/neiljacquet.com\/#website\",\"url\":\"https:\/\/neiljacquet.com\/\",\"name\":\"Neil Jacquet Paris\",\"description\":\"AUDACE CONTEMPORAINE ET \u00c9L\u00c9GANCE INTEMPORELLE\",\"publisher\":{\"@id\":\"https:\/\/neiljacquet.com\/#organization\"},\"alternateName\":\"NJ - Paris\",\"potentialAction\":[{\"@type\":\"SearchAction\",\"target\":{\"@type\":\"EntryPoint\",\"urlTemplate\":\"https:\/\/neiljacquet.com\/?s={search_term_string}\"},\"query-input\":{\"@type\":\"PropertyValueSpecification\",\"valueRequired\":true,\"valueName\":\"search_term_string\"}}],\"inLanguage\":\"en-US\"},{\"@type\":\"Organization\",\"@id\":\"https:\/\/neiljacquet.com\/#organization\",\"name\":\"Neil Jacquet Paris\",\"alternateName\":\"NJ - Paris\",\"url\":\"https:\/\/neiljacquet.com\/\",\"logo\":{\"@type\":\"ImageObject\",\"inLanguage\":\"en-US\",\"@id\":\"https:\/\/neiljacquet.com\/#\/schema\/logo\/image\/\",\"url\":\"https:\/\/neiljacquet.com\/wp-content\/uploads\/2024\/09\/cropped-408467892_758893016069913_1573027765065041396_n.jpg\",\"contentUrl\":\"https:\/\/neiljacquet.com\/wp-content\/uploads\/2024\/09\/cropped-408467892_758893016069913_1573027765065041396_n.jpg\",\"width\":512,\"height\":512,\"caption\":\"Neil Jacquet Paris\"},\"image\":{\"@id\":\"https:\/\/neiljacquet.com\/#\/schema\/logo\/image\/\"}}]}<\/script>\n<!-- \/ Yoast SEO plugin. -->","yoast_head_json":{"title":"El Malec\u00f3n - Neil Jacquet Paris","robots":{"index":"index","follow":"follow","max-snippet":"max-snippet:-1","max-image-preview":"max-image-preview:large","max-video-preview":"max-video-preview:-1"},"canonical":"https:\/\/neiljacquet.com\/en\/product\/el-malecon\/","og_locale":"en_US","og_type":"article","og_title":"El Malec\u00f3n - Neil Jacquet Paris","og_description":"Ananas dor\u00e9Rhum ambr\u00e9Fum\u00e9e vanill\u00e9e Rues dansantes,ombres chaudes Rivage double,pass\u00e9 \u2014 pr\u00e9sent Sensualit\u00e9 addictive,myst\u00e8re envo\u00fbtant \u00a0GOLDEN SHOREtimeless beatCUBAN WHISPER","og_url":"https:\/\/neiljacquet.com\/en\/product\/el-malecon\/","og_site_name":"Neil Jacquet Paris","article_modified_time":"2026-03-24T19:19:19+00:00","og_image":[{"width":2560,"height":2560,"url":"https:\/\/neiljacquet.com\/wp-content\/uploads\/2026\/03\/IMG_6260-scaled.png?wsr","type":"image\/png"}],"twitter_card":"summary_large_image","twitter_misc":{"Est. reading time":"1 minute"},"schema":{"@context":"https:\/\/schema.org","@graph":[{"@type":"WebPage","@id":"https:\/\/neiljacquet.com\/produit\/el-malecon\/","url":"https:\/\/neiljacquet.com\/produit\/el-malecon\/","name":"El Malec\u00f3n - Neil Jacquet Paris","isPartOf":{"@id":"https:\/\/neiljacquet.com\/#website"},"primaryImageOfPage":{"@id":"https:\/\/neiljacquet.com\/produit\/el-malecon\/#primaryimage"},"image":{"@id":"https:\/\/neiljacquet.com\/produit\/el-malecon\/#primaryimage"},"thumbnailUrl":"https:\/\/neiljacquet.com\/wp-content\/uploads\/2026\/03\/IMG_6260-scaled.png?wsr","datePublished":"2026-02-05T21:32:14+00:00","dateModified":"2026-03-24T19:19:19+00:00","breadcrumb":{"@id":"https:\/\/neiljacquet.com\/produit\/el-malecon\/#breadcrumb"},"inLanguage":"en-US","potentialAction":[{"@type":"ReadAction","target":["https:\/\/neiljacquet.com\/produit\/el-malecon\/"]}]},{"@type":"ImageObject","inLanguage":"en-US","@id":"https:\/\/neiljacquet.com\/produit\/el-malecon\/#primaryimage","url":"https:\/\/neiljacquet.com\/wp-content\/uploads\/2026\/03\/IMG_6260-scaled.png?wsr","contentUrl":"https:\/\/neiljacquet.com\/wp-content\/uploads\/2026\/03\/IMG_6260-scaled.png?wsr","width":2560,"height":2560},{"@type":"BreadcrumbList","@id":"https:\/\/neiljacquet.com\/produit\/el-malecon\/#breadcrumb","itemListElement":[{"@type":"ListItem","position":1,"name":"Accueil","item":"https:\/\/neiljacquet.com\/"},{"@type":"ListItem","position":2,"name":"Les Carnets","item":"https:\/\/neiljacquet.com\/scentsual-collection\/"},{"@type":"ListItem","position":3,"name":"El Malec\u00f3n"}]},{"@type":"WebSite","@id":"https:\/\/neiljacquet.com\/#website","url":"https:\/\/neiljacquet.com\/","name":"Neil Jacquet Paris","description":"AUDACE CONTEMPORAINE ET \u00c9L\u00c9GANCE INTEMPORELLE","publisher":{"@id":"https:\/\/neiljacquet.com\/#organization"},"alternateName":"NJ - Paris","potentialAction":[{"@type":"SearchAction","target":{"@type":"EntryPoint","urlTemplate":"https:\/\/neiljacquet.com\/?s={search_term_string}"},"query-input":{"@type":"PropertyValueSpecification","valueRequired":true,"valueName":"search_term_string"}}],"inLanguage":"en-US"},{"@type":"Organization","@id":"https:\/\/neiljacquet.com\/#organization","name":"Neil Jacquet Paris","alternateName":"NJ - Paris","url":"https:\/\/neiljacquet.com\/","logo":{"@type":"ImageObject","inLanguage":"en-US","@id":"https:\/\/neiljacquet.com\/#\/schema\/logo\/image\/","url":"https:\/\/neiljacquet.com\/wp-content\/uploads\/2024\/09\/cropped-408467892_758893016069913_1573027765065041396_n.jpg","contentUrl":"https:\/\/neiljacquet.com\/wp-content\/uploads\/2024\/09\/cropped-408467892_758893016069913_1573027765065041396_n.jpg","width":512,"height":512,"caption":"Neil Jacquet Paris"},"image":{"@id":"https:\/\/neiljacquet.com\/#\/schema\/logo\/image\/"}}]}},"_links":{"self":[{"href":"https:\/\/neiljacquet.com\/en\/wp-json\/wp\/v2\/product\/8149","targetHints":{"allow":["GET"]}}],"collection":[{"href":"https:\/\/neiljacquet.com\/en\/wp-json\/wp\/v2\/product"}],"about":[{"href":"https:\/\/neiljacquet.com\/en\/wp-json\/wp\/v2\/types\/product"}],"replies":[{"embeddable":true,"href":"https:\/\/neiljacquet.com\/en\/wp-json\/wp\/v2\/comments?post=8149"}],"wp:featuredmedia":[{"embeddable":true,"href":"https:\/\/neiljacquet.com\/en\/wp-json\/wp\/v2\/media\/8188"}],"wp:attachment":[{"href":"https:\/\/neiljacquet.com\/en\/wp-json\/wp\/v2\/media?parent=8149"}],"wp:term":[{"taxonomy":"product_brand","embeddable":true,"href":"https:\/\/neiljacquet.com\/en\/wp-json\/wp\/v2\/product_brand?post=8149"},{"taxonomy":"product_cat","embeddable":true,"href":"https:\/\/neiljacquet.com\/en\/wp-json\/wp\/v2\/product_cat?post=8149"},{"taxonomy":"product_tag","embeddable":true,"href":"https:\/\/neiljacquet.com\/en\/wp-json\/wp\/v2\/product_tag?post=8149"}],"curies":[{"name":"wp","href":"https:\/\/api.w.org\/{rel}","templated":true}]}}